{"id":3087,"date":"2025-04-29T11:54:29","date_gmt":"2025-04-29T10:54:29","guid":{"rendered":"https:\/\/www.imaginostage.sanepress.com\/france\/?page_id=3087"},"modified":"2025-05-09T10:21:24","modified_gmt":"2025-05-09T09:21:24","slug":"nous-rendre-visite","status":"publish","type":"page","link":"https:\/\/imaginostage.sanepress.com\/fr\/notre-histoire\/nous-rendre-visite\/","title":{"rendered":"Nous rendre visite"},"content":{"rendered":"\n<section id=\"banner-short-69dab32a9899e\" class=\"hero-legal-section u-gradient--blue-blue--light u-mb-20\">\n    <!--         todo class   --><? \/\/= $data[\"swirl_selector\"] \n    ?>\n    <div class=\"hero-legal-container__img\">\n        <!--            todo video line content-->\n        <div class=\"video-line video-blue-purple-thick\">\n            <video muted=\"\" playsinline=\"\" preload=\"metadata\" data-loading=\"lazy\">\n                <source type=\"video\/mp4; codecs=hvc1\"\n                    src=\"https:\/\/imaginostage.sanepress.com\/fr\/wp-content\/themes\/imagino\/front\/dist\/img\/video\/swirl-3.mp4\">\n                <source type=\"video\/webm\"\n                    src=\"https:\/\/imaginostage.sanepress.com\/fr\/wp-content\/themes\/imagino\/front\/dist\/img\/video\/swirl-3.webm\">\n            <\/video>\n        <\/div>\n    <\/div>\n    <div class=\"container\">\n        <div class=\"hero-legal-container\">\n                            <div class=\"hero-container__breadcrumbs\">\n                    <p id=\"breadcrumbs\" ><span><span><a href=\"https:\/\/imaginostage.sanepress.com\/fr\/\">imagino<\/a><\/span><\/span><\/p>                <\/div>\n                            <div class=\"hero-legal-container__text\">\n                <div class=\"tl\">\n                    <h1>imagino en France !<\/h1>\n                <\/div>\n\n                <!-- to do $content[\"subtitle\"]                     -->\n                \n                            <\/div>\n\n        <\/div>\n    <\/div>\n<\/section>\n\n\r\n<section id=\"unify-section-69dab32a9c396\" class=\"unify-section section-padding \">\r\n    <div class=\"container\">\r\n                <div class=\"unify-container-bb\">\r\n            <div class=\"item item--right\">\r\n                <div class=\"text js-animate animate__fadeIn\" data-wow-delay=\"0.5s\">\r\n                                            <h3 class=\"tl\">\r\n                            Venez nous rencontrer !                        <\/h3>\r\n                                                                <div class=\"description\">\r\n                            <p>Notre <a href=\"https:\/\/www.google.co.uk\/maps\/place\/Imagino\/@48.7985615,2.3238107,17z\/data=!3m1!4b1!4m6!3m5!1s0x47e671184d80059d:0x512e6df5badf5361!8m2!3d48.798558!4d2.3263856!16s%2Fg%2F11fsmvkscn?entry=ttu&amp;g_ep=EgoyMDI1MDQyMy4wIKXMDSoASAFQAw%3D%3D\">bureau parisien est situ\u00e9 \u00e0 Cachan<\/a>, au pied du RER B, et les bureaux sont \u00e9galement facilement accessibles par la N20. N\u2019h\u00e9sitez pas \u00e0 venir prendre un caf\u00e9 avec nous en pr\u00e9venant un peu avant. Vous d\u00e9couvrirez une \u00e9quipe de passionn\u00e9s au service des clients.<\/p>\n                        <\/div>\r\n                                    <\/div>\r\n                <div\r\n                    class=\"image image--container js-animate image--container animate__fadeInLeft\">\r\n                    <div id=\"img-unify-section-69dab32a9c39d\" class=\"image__inner u-gradient--blue-blue--light\">\r\n\r\n                                <img decoding=\"async\" class=\"\" src=\"https:\/\/imaginostage.sanepress.com\/fr\/wp-content\/uploads\/sites\/7\/2025\/04\/Location-Cachan-Office-Paris-Website-1500x656.png\" alt=\"Location Cachan Office Paris Website\">\n    \r\n                    <\/div>\r\n\r\n\r\n\r\n\r\n                <\/div>\r\n\r\n\r\n            <\/div>\r\n\r\n        <\/div>\r\n    <\/div>\r\n<\/section>\n\n<section id=\"text-section-69dab32a9d28d\" class=\"simple-text-section section-padding \">\r\n    <div class=\"container\">\r\n        <div class=\"simple-text-container\">\r\n\r\n                            <div class=\"row-item\">\r\n                    <div class=\"item item--col-1-2\">\r\n                                                    <div class=\"item__header item__header--left item__header--small js-animate animate__fadeIn\">\r\n                                <h4 class=\"tl\"><span class=\"text-gradient--blue-light\">Adresse<\/span>\r\n                                <\/h4>\r\n                                <h5 class=\"subtl\">imagino<br \/>\r\n45 Avenue Carnot<br \/>\r\n94230 Cachan<br \/>\r\nFrance<\/h5>\r\n                            <\/div>\r\n                            \r\n                        <div class=\"item__content js-animate animate__fadeInUpSmall\">\r\n                                                    <\/div>\r\n                    <\/div>\r\n\r\n                    <div class=\"item item--col-1-2\">\r\n\r\n                                                    <div class=\"item__header item__header--left item__header--small js-animate animate__fadeIn\">\r\n                                <h4 class=\"tl\"><span class=\"text-gradient--blue-light\">T\u00e9l\u00e9phone<\/span>\r\n                                <\/h4>\r\n                                <h5 class=\"subtl\">+33 (0)1 84 04 09 00<\/h5>\r\n                            <\/div>\r\n                            \r\n                                            <\/div>\r\n                <\/div>\r\n                \r\n                    <\/div>\r\n    <\/div>\r\n<\/section>\n\n\r\n<section id=\"cta-panel-69dab32a9dfe1\" class=\"speak-expert-section section-padding\">\r\n    <div class=\"container-large\">\r\n        <div class=\"speak-expert-container u-gradient--blue-blue--light gradient-vertical swirl-green-blue\">\r\n            <div class=\"speak-expert-container__img\">\r\n                <div class=\"video-line video-blue-purple-thick\">\r\n                    <video muted=\"\" playsinline=\"\" preload=\"metadata\" data-loading=\"lazy\">\r\n                        <source type=\"video\/mp4; codecs=hvc1\"\r\n                            src=\"https:\/\/imaginostage.sanepress.com\/fr\/wp-content\/themes\/imagino\/front\/dist\/img\/video\/swirl-3.mp4\">\r\n                        <source type=\"video\/webm\"\r\n                            src=\"https:\/\/imaginostage.sanepress.com\/fr\/wp-content\/themes\/imagino\/front\/dist\/img\/video\/swirl-3.webm\">\r\n                    <\/video>\r\n                <\/div>\r\n            <\/div>\r\n\r\n            \r\n            <div class=\"speak-expert-container__text\">\r\n                                    <h2 class=\"tl js-animate animate__fadeIn\">imagino grandit \u2014 et vous pourriez faire partie de l&rsquo;aventure&#8230;<\/h2>\r\n                \r\n                <!-- button -->\r\n                                        <div class=\"control js-animate animate__fadeInUp\">\r\n                                    <a href=\"https:\/\/imagino.teamtailor.com\/#jobs\" target=\"_blank\" class=\"btn--icon-left btn btn--gradient-blue-light\">\n                        Rejoignez-nous !        <\/a>\n                        <\/div>\r\n                        \r\n                <!--  dropdown -->\r\n                \r\n            <\/div>\r\n        <\/div>\r\n    <\/div>\r\n<\/section>","protected":false},"excerpt":{"rendered":"<p>Nos bureaux en France !<\/p>\n","protected":false},"author":10,"featured_media":2299,"parent":2141,"menu_order":0,"comment_status":"closed","ping_status":"closed","template":"","meta":{"_acf_changed":false,"footnotes":""},"class_list":["post-3087","page","type-page","status-publish","has-post-thumbnail","hentry"],"acf":[],"yoast_head":"<!-- This site is optimized with the Yoast SEO plugin v25.1 - https:\/\/yoast.com\/wordpress\/plugins\/seo\/ -->\n<title>Nous rendre visite- imagino France<\/title>\n<meta name=\"description\" content=\"Nos bureaux en France !\" \/>\n<meta name=\"robots\" content=\"noindex, follow, max-snippet:-1, max-image-preview:large, max-video-preview:-1\" \/>\n<meta property=\"og:locale\" content=\"fr_FR\" \/>\n<meta property=\"og:type\" content=\"article\" \/>\n<meta property=\"og:title\" content=\"Nous rendre visite- imagino France\" \/>\n<meta property=\"og:description\" content=\"Nos bureaux en France !\" \/>\n<meta property=\"og:url\" content=\"https:\/\/imaginostage.sanepress.com\/fr\/notre-histoire\/nous-rendre-visite\/\" \/>\n<meta property=\"og:site_name\" content=\"imagino France\" \/>\n<meta property=\"article:modified_time\" content=\"2025-05-09T09:21:24+00:00\" \/>\n<meta property=\"og:image\" content=\"https:\/\/imaginostage.sanepress.com\/fr\/wp-content\/uploads\/sites\/7\/2025\/04\/history-innovation.webp\" \/>\n\t<meta property=\"og:image:width\" content=\"981\" \/>\n\t<meta property=\"og:image:height\" content=\"552\" \/>\n\t<meta property=\"og:image:type\" content=\"image\/webp\" \/>\n<meta name=\"twitter:card\" content=\"summary_large_image\" \/>\n<meta name=\"twitter:label1\" content=\"Dur\u00e9e de lecture estim\u00e9e\" \/>\n\t<meta name=\"twitter:data1\" content=\"1 minute\" \/>\n<script type=\"application\/ld+json\" class=\"yoast-schema-graph\">{\"@context\":\"https:\/\/schema.org\",\"@graph\":[{\"@type\":\"WebPage\",\"@id\":\"https:\/\/imaginostage.sanepress.com\/fr\/notre-histoire\/nous-rendre-visite\/\",\"url\":\"https:\/\/imaginostage.sanepress.com\/fr\/notre-histoire\/nous-rendre-visite\/\",\"name\":\"Nous rendre visite- imagino France\",\"isPartOf\":{\"@id\":\"https:\/\/imaginostage.sanepress.com\/fr\/#website\"},\"primaryImageOfPage\":{\"@id\":\"https:\/\/imaginostage.sanepress.com\/fr\/notre-histoire\/nous-rendre-visite\/#primaryimage\"},\"image\":{\"@id\":\"https:\/\/imaginostage.sanepress.com\/fr\/notre-histoire\/nous-rendre-visite\/#primaryimage\"},\"thumbnailUrl\":\"https:\/\/imaginostage.sanepress.com\/fr\/wp-content\/uploads\/sites\/7\/2025\/04\/history-innovation.webp\",\"datePublished\":\"2025-04-29T10:54:29+00:00\",\"dateModified\":\"2025-05-09T09:21:24+00:00\",\"description\":\"Nos bureaux en France !\",\"breadcrumb\":{\"@id\":\"https:\/\/imaginostage.sanepress.com\/fr\/notre-histoire\/nous-rendre-visite\/#breadcrumb\"},\"inLanguage\":\"fr-FR\",\"potentialAction\":[{\"@type\":\"ReadAction\",\"target\":[\"https:\/\/imaginostage.sanepress.com\/fr\/notre-histoire\/nous-rendre-visite\/\"]}]},{\"@type\":\"ImageObject\",\"inLanguage\":\"fr-FR\",\"@id\":\"https:\/\/imaginostage.sanepress.com\/fr\/notre-histoire\/nous-rendre-visite\/#primaryimage\",\"url\":\"https:\/\/imaginostage.sanepress.com\/fr\/wp-content\/uploads\/sites\/7\/2025\/04\/history-innovation.webp\",\"contentUrl\":\"https:\/\/imaginostage.sanepress.com\/fr\/wp-content\/uploads\/sites\/7\/2025\/04\/history-innovation.webp\",\"width\":981,\"height\":552},{\"@type\":\"BreadcrumbList\",\"@id\":\"https:\/\/imaginostage.sanepress.com\/fr\/notre-histoire\/nous-rendre-visite\/#breadcrumb\",\"itemListElement\":[{\"@type\":\"ListItem\",\"position\":1,\"name\":\"imagino\",\"item\":\"https:\/\/imaginostage.sanepress.com\/fr\/\"},{\"@type\":\"ListItem\",\"position\":2,\"name\":\"Notre histoire\",\"item\":\"https:\/\/imaginostage.sanepress.com\/fr\/notre-histoire\/\"},{\"@type\":\"ListItem\",\"position\":3,\"name\":\"Nous rendre visite\"}]},{\"@type\":\"WebSite\",\"@id\":\"https:\/\/imaginostage.sanepress.com\/fr\/#website\",\"url\":\"https:\/\/imaginostage.sanepress.com\/fr\/\",\"name\":\"imagino France\",\"description\":\"\",\"publisher\":{\"@id\":\"https:\/\/imaginostage.sanepress.com\/fr\/#organization\"},\"potentialAction\":[{\"@type\":\"SearchAction\",\"target\":{\"@type\":\"EntryPoint\",\"urlTemplate\":\"https:\/\/imaginostage.sanepress.com\/fr\/?s={search_term_string}\"},\"query-input\":{\"@type\":\"PropertyValueSpecification\",\"valueRequired\":true,\"valueName\":\"search_term_string\"}}],\"inLanguage\":\"fr-FR\"},{\"@type\":\"Organization\",\"@id\":\"https:\/\/imaginostage.sanepress.com\/fr\/#organization\",\"name\":\"imagino France\",\"url\":\"https:\/\/imaginostage.sanepress.com\/fr\/\",\"logo\":{\"@type\":\"ImageObject\",\"inLanguage\":\"fr-FR\",\"@id\":\"https:\/\/imaginostage.sanepress.com\/fr\/#\/schema\/logo\/image\/\",\"url\":\"https:\/\/imaginostage.sanepress.com\/fr\/wp-content\/uploads\/sites\/7\/2025\/05\/Logo-imagino-colors.svg\",\"contentUrl\":\"https:\/\/imaginostage.sanepress.com\/fr\/wp-content\/uploads\/sites\/7\/2025\/05\/Logo-imagino-colors.svg\",\"width\":1,\"height\":1,\"caption\":\"imagino France\"},\"image\":{\"@id\":\"https:\/\/imaginostage.sanepress.com\/fr\/#\/schema\/logo\/image\/\"},\"sameAs\":[\"https:\/\/www.linkedin.com\/company\/imagino-software\/\"]}]}<\/script>\n<!-- \/ Yoast SEO plugin. -->","yoast_head_json":{"title":"Nous rendre visite- imagino France","description":"Nos bureaux en France !","robots":{"index":"noindex","follow":"follow","max-snippet":"max-snippet:-1","max-image-preview":"max-image-preview:large","max-video-preview":"max-video-preview:-1"},"og_locale":"fr_FR","og_type":"article","og_title":"Nous rendre visite- imagino France","og_description":"Nos bureaux en France !","og_url":"https:\/\/imaginostage.sanepress.com\/fr\/notre-histoire\/nous-rendre-visite\/","og_site_name":"imagino France","article_modified_time":"2025-05-09T09:21:24+00:00","og_image":[{"width":981,"height":552,"url":"https:\/\/imaginostage.sanepress.com\/fr\/wp-content\/uploads\/sites\/7\/2025\/04\/history-innovation.webp","type":"image\/webp"}],"twitter_card":"summary_large_image","twitter_misc":{"Dur\u00e9e de lecture estim\u00e9e":"1 minute"},"schema":{"@context":"https:\/\/schema.org","@graph":[{"@type":"WebPage","@id":"https:\/\/imaginostage.sanepress.com\/fr\/notre-histoire\/nous-rendre-visite\/","url":"https:\/\/imaginostage.sanepress.com\/fr\/notre-histoire\/nous-rendre-visite\/","name":"Nous rendre visite- imagino France","isPartOf":{"@id":"https:\/\/imaginostage.sanepress.com\/fr\/#website"},"primaryImageOfPage":{"@id":"https:\/\/imaginostage.sanepress.com\/fr\/notre-histoire\/nous-rendre-visite\/#primaryimage"},"image":{"@id":"https:\/\/imaginostage.sanepress.com\/fr\/notre-histoire\/nous-rendre-visite\/#primaryimage"},"thumbnailUrl":"https:\/\/imaginostage.sanepress.com\/fr\/wp-content\/uploads\/sites\/7\/2025\/04\/history-innovation.webp","datePublished":"2025-04-29T10:54:29+00:00","dateModified":"2025-05-09T09:21:24+00:00","description":"Nos bureaux en France !","breadcrumb":{"@id":"https:\/\/imaginostage.sanepress.com\/fr\/notre-histoire\/nous-rendre-visite\/#breadcrumb"},"inLanguage":"fr-FR","potentialAction":[{"@type":"ReadAction","target":["https:\/\/imaginostage.sanepress.com\/fr\/notre-histoire\/nous-rendre-visite\/"]}]},{"@type":"ImageObject","inLanguage":"fr-FR","@id":"https:\/\/imaginostage.sanepress.com\/fr\/notre-histoire\/nous-rendre-visite\/#primaryimage","url":"https:\/\/imaginostage.sanepress.com\/fr\/wp-content\/uploads\/sites\/7\/2025\/04\/history-innovation.webp","contentUrl":"https:\/\/imaginostage.sanepress.com\/fr\/wp-content\/uploads\/sites\/7\/2025\/04\/history-innovation.webp","width":981,"height":552},{"@type":"BreadcrumbList","@id":"https:\/\/imaginostage.sanepress.com\/fr\/notre-histoire\/nous-rendre-visite\/#breadcrumb","itemListElement":[{"@type":"ListItem","position":1,"name":"imagino","item":"https:\/\/imaginostage.sanepress.com\/fr\/"},{"@type":"ListItem","position":2,"name":"Notre histoire","item":"https:\/\/imaginostage.sanepress.com\/fr\/notre-histoire\/"},{"@type":"ListItem","position":3,"name":"Nous rendre visite"}]},{"@type":"WebSite","@id":"https:\/\/imaginostage.sanepress.com\/fr\/#website","url":"https:\/\/imaginostage.sanepress.com\/fr\/","name":"imagino France","description":"","publisher":{"@id":"https:\/\/imaginostage.sanepress.com\/fr\/#organization"},"potentialAction":[{"@type":"SearchAction","target":{"@type":"EntryPoint","urlTemplate":"https:\/\/imaginostage.sanepress.com\/fr\/?s={search_term_string}"},"query-input":{"@type":"PropertyValueSpecification","valueRequired":true,"valueName":"search_term_string"}}],"inLanguage":"fr-FR"},{"@type":"Organization","@id":"https:\/\/imaginostage.sanepress.com\/fr\/#organization","name":"imagino France","url":"https:\/\/imaginostage.sanepress.com\/fr\/","logo":{"@type":"ImageObject","inLanguage":"fr-FR","@id":"https:\/\/imaginostage.sanepress.com\/fr\/#\/schema\/logo\/image\/","url":"https:\/\/imaginostage.sanepress.com\/fr\/wp-content\/uploads\/sites\/7\/2025\/05\/Logo-imagino-colors.svg","contentUrl":"https:\/\/imaginostage.sanepress.com\/fr\/wp-content\/uploads\/sites\/7\/2025\/05\/Logo-imagino-colors.svg","width":1,"height":1,"caption":"imagino France"},"image":{"@id":"https:\/\/imaginostage.sanepress.com\/fr\/#\/schema\/logo\/image\/"},"sameAs":["https:\/\/www.linkedin.com\/company\/imagino-software\/"]}]}},"_links":{"self":[{"href":"https:\/\/imaginostage.sanepress.com\/fr\/wp-json\/wp\/v2\/pages\/3087","targetHints":{"allow":["GET"]}}],"collection":[{"href":"https:\/\/imaginostage.sanepress.com\/fr\/wp-json\/wp\/v2\/pages"}],"about":[{"href":"https:\/\/imaginostage.sanepress.com\/fr\/wp-json\/wp\/v2\/types\/page"}],"author":[{"embeddable":true,"href":"https:\/\/imaginostage.sanepress.com\/fr\/wp-json\/wp\/v2\/users\/10"}],"replies":[{"embeddable":true,"href":"https:\/\/imaginostage.sanepress.com\/fr\/wp-json\/wp\/v2\/comments?post=3087"}],"version-history":[{"count":20,"href":"https:\/\/imaginostage.sanepress.com\/fr\/wp-json\/wp\/v2\/pages\/3087\/revisions"}],"predecessor-version":[{"id":4427,"href":"https:\/\/imaginostage.sanepress.com\/fr\/wp-json\/wp\/v2\/pages\/3087\/revisions\/4427"}],"up":[{"embeddable":true,"href":"https:\/\/imaginostage.sanepress.com\/fr\/wp-json\/wp\/v2\/pages\/2141"}],"wp:featuredmedia":[{"embeddable":true,"href":"https:\/\/imaginostage.sanepress.com\/fr\/wp-json\/wp\/v2\/media\/2299"}],"wp:attachment":[{"href":"https:\/\/imaginostage.sanepress.com\/fr\/wp-json\/wp\/v2\/media?parent=3087"}],"curies":[{"name":"wp","href":"https:\/\/api.w.org\/{rel}","templated":true}]}}